{"id":22,"date":"2018-05-05T11:05:14","date_gmt":"2018-05-05T11:05:14","guid":{"rendered":"http:\/\/www.tribe.nu\/?page_id=22"},"modified":"2020-06-08T12:27:27","modified_gmt":"2020-06-08T12:27:27","slug":"tribe-for-riktiga-musikalskare","status":"publish","type":"page","link":"https:\/\/www.tribe.nu\/?page_id=22","title":{"rendered":"Om sidan"},"content":{"rendered":"<p style=\"color: white;\">Tycker du teknik \u00e4r lika sp\u00e4nnande som jag? D\u00e5 har du definitivt hamnar p\u00e5 r\u00e4tt plats. Ta del av information som antingen kommer fr\u00e5n egna erfarenheter eller fr\u00e5n ett av v\u00e4rldens alla h\u00f6rn. Jag h\u00e5ller mig uppdaterad vad g\u00e4ller teknik och kommer att blogga om hur tekniken p\u00e5verkar v\u00e5r v\u00e4rld. Teknik \u00e4r mer \u00e4n bara datorer och webb, det ber\u00f6r \u00e4ven hus, fordon, belysning, transport och mycket mer! V\u00e4lkommen till Tribe!<\/p>\n","protected":false},"excerpt":{"rendered":"<p>Tycker du teknik \u00e4r lika sp\u00e4nnande som jag? D\u00e5 har du definitivt hamnar p\u00e5 r\u00e4tt plats. Ta del av information som antingen kommer fr\u00e5n egna erfarenheter eller fr\u00e5n ett av v\u00e4rldens alla h\u00f6rn. Jag h\u00e5ller mig uppdaterad vad g\u00e4ller teknik och kommer att blogga om hur tekniken p\u00e5verkar v\u00e5r v\u00e4rld. Teknik \u00e4r mer \u00e4n bara [&hellip;]<\/p>\n","protected":false},"author":1,"featured_media":27,"parent":0,"menu_order":0,"comment_status":"closed","ping_status":"closed","template":"","meta":{"footnotes":""},"_links":{"self":[{"href":"https:\/\/www.tribe.nu\/index.php?rest_route=\/wp\/v2\/pages\/22"}],"collection":[{"href":"https:\/\/www.tribe.nu\/index.php?rest_route=\/wp\/v2\/pages"}],"about":[{"href":"https:\/\/www.tribe.nu\/index.php?rest_route=\/wp\/v2\/types\/page"}],"author":[{"embeddable":true,"href":"https:\/\/www.tribe.nu\/index.php?rest_route=\/wp\/v2\/users\/1"}],"replies":[{"embeddable":true,"href":"https:\/\/www.tribe.nu\/index.php?rest_route=%2Fwp%2Fv2%2Fcomments&post=22"}],"version-history":[{"count":6,"href":"https:\/\/www.tribe.nu\/index.php?rest_route=\/wp\/v2\/pages\/22\/revisions"}],"predecessor-version":[{"id":57,"href":"https:\/\/www.tribe.nu\/index.php?rest_route=\/wp\/v2\/pages\/22\/revisions\/57"}],"wp:featuredmedia":[{"embeddable":true,"href":"https:\/\/www.tribe.nu\/index.php?rest_route=\/wp\/v2\/media\/27"}],"wp:attachment":[{"href":"https:\/\/www.tribe.nu\/index.php?rest_route=%2Fwp%2Fv2%2Fmedia&parent=22"}],"curies":[{"name":"wp","href":"https:\/\/api.w.org\/{rel}","templated":true}]}}